{"id":3638,"date":"2025-07-28T13:52:23","date_gmt":"2025-07-28T11:52:23","guid":{"rendered":"https:\/\/paroisses-de-fegersheim-eschau-ohnheim-plobsheim.fr\/?page_id=3638"},"modified":"2025-09-15T16:46:00","modified_gmt":"2025-09-15T14:46:00","slug":"initiation-chretienne","status":"publish","type":"page","link":"https:\/\/paroisses-de-fegersheim-eschau-ohnheim-plobsheim.fr\/index.php\/initiation-chretienne\/","title":{"rendered":"Initiation chr\u00e9tienne"},"content":{"rendered":"\n<blockquote class=\"wp-block-quote is-layout-flow wp-block-quote-is-layout-flow\">\n<p>Il est possible de devenir chr\u00e9tien, \u00e0 tout \u00e2ge, en recevant le sacrement du <strong>Bapt\u00eame<\/strong>.<\/p>\n\n\n\n<p>et pour ceux qui sont d\u00e9j\u00e0 baptis\u00e9s, de continuer leur initiation chr\u00e9tienne par l&rsquo;initiation \u00e0 l&rsquo;<strong>Eucharistie <\/strong>(Communion), et le sacrement de <strong>Confirmation<\/strong>.<\/p>\n\n\n\n<p>Pour les grands jeunes et adultes, nous proposons des rencontres r\u00e9guli\u00e8res de cat\u00e9ch\u00e8se fondamentale (2 soir\u00e9es par mois), avec des \u00e9tapes v\u00e9cues en communaut\u00e9, afin que chacun puisse trouver son chemin dans l\u2019\u00c9glise, avec le Seigneur !<\/p>\n\n\n\n<p>Pour tous renseignement : <\/p>\n\n\n\n<p>Serge Strebel Coop\u00e9rateur de la pastorale<\/p>\n\n\n\n<p>T\u00e9l. 06 52 03 19 96 <\/p>\n\n\n\n<p>E-mail : coopecopafepo@gmail.com<\/p>\n<\/blockquote>\n","protected":false},"excerpt":{"rendered":"<p>Il est possible de devenir chr\u00e9tien, \u00e0 tout \u00e2ge, en recevant le sacrement du Bapt\u00eame. et pour ceux qui sont d\u00e9j\u00e0 baptis\u00e9s, de continuer leur initiation chr\u00e9tienne par l&rsquo;initiation \u00e0 l&rsquo;Eucharistie (Communion), et le sacrement de Confirmation. Pour les grands jeunes et adultes, nous proposons des rencontres r\u00e9guli\u00e8res de cat\u00e9ch\u00e8se fondamentale (2 soir\u00e9es par mois), [&hellip;]<\/p>\n","protected":false},"author":4,"featured_media":0,"parent":0,"menu_order":0,"comment_status":"closed","ping_status":"closed","template":"","meta":{"iawp_total_views":34,"footnotes":""},"class_list":["post-3638","page","type-page","status-publish","hentry","post"],"_links":{"self":[{"href":"https:\/\/paroisses-de-fegersheim-eschau-ohnheim-plobsheim.fr\/index.php\/wp-json\/wp\/v2\/pages\/3638","targetHints":{"allow":["GET"]}}],"collection":[{"href":"https:\/\/paroisses-de-fegersheim-eschau-ohnheim-plobsheim.fr\/index.php\/wp-json\/wp\/v2\/pages"}],"about":[{"href":"https:\/\/paroisses-de-fegersheim-eschau-ohnheim-plobsheim.fr\/index.php\/wp-json\/wp\/v2\/types\/page"}],"author":[{"embeddable":true,"href":"https:\/\/paroisses-de-fegersheim-eschau-ohnheim-plobsheim.fr\/index.php\/wp-json\/wp\/v2\/users\/4"}],"replies":[{"embeddable":true,"href":"https:\/\/paroisses-de-fegersheim-eschau-ohnheim-plobsheim.fr\/index.php\/wp-json\/wp\/v2\/comments?post=3638"}],"version-history":[{"count":2,"href":"https:\/\/paroisses-de-fegersheim-eschau-ohnheim-plobsheim.fr\/index.php\/wp-json\/wp\/v2\/pages\/3638\/revisions"}],"predecessor-version":[{"id":3795,"href":"https:\/\/paroisses-de-fegersheim-eschau-ohnheim-plobsheim.fr\/index.php\/wp-json\/wp\/v2\/pages\/3638\/revisions\/3795"}],"wp:attachment":[{"href":"https:\/\/paroisses-de-fegersheim-eschau-ohnheim-plobsheim.fr\/index.php\/wp-json\/wp\/v2\/media?parent=3638"}],"curies":[{"name":"wp","href":"https:\/\/api.w.org\/{rel}","templated":true}]}}