{"id":296,"date":"2022-05-19T21:33:42","date_gmt":"2022-05-19T19:33:42","guid":{"rendered":"https:\/\/paroisses-de-fegersheim-eschau-ohnheim-plobsheim.fr\/?page_id=296"},"modified":"2024-04-18T20:10:43","modified_gmt":"2024-04-18T18:10:43","slug":"conseil-de-fabrique","status":"publish","type":"page","link":"https:\/\/paroisses-de-fegersheim-eschau-ohnheim-plobsheim.fr\/index.php\/conseil-de-fabrique\/","title":{"rendered":"Conseil de Fabrique"},"content":{"rendered":"<div id=\"pl-gb296-69e2ea5c6e02e\"  class=\"panel-layout wp-block-siteorigin-panels-layout-block\" ><div id=\"pg-gb296-69e2ea5c6e02e-0\"  class=\"panel-grid panel-no-style\" ><div id=\"pgc-gb296-69e2ea5c6e02e-0-0\"  class=\"panel-grid-cell\" ><div id=\"panel-gb296-69e2ea5c6e02e-0-0-0\" class=\"so-panel widget widget_sow-editor panel-first-child panel-last-child\" data-index=\"0\" ><div\n\t\t\t\n\t\t\tclass=\"so-widget-sow-editor so-widget-sow-editor-base\"\n\t\t\t\n\t\t>\n<div class=\"siteorigin-widget-tinymce textwidget\">\n\t<p>Le <a href=\"https:\/\/fr.wikipedia.org\/wiki\/Conseil_de_fabrique\" target=\"_blank\" rel=\"noopener\">Conseil de Fabrique<\/a> de chacune des paroisses (Eschau, Fegersheim, Ohnheim, Plobsheim) a une fonction d&rsquo;administration, de gestion et de participation aux d\u00e9penses de la pastorale. Sont membres de droit, le cur\u00e9 et le maire de la commune. Les membres \u00e9lus le sont par les conseillers sortants et pour une dur\u00e9e de six ans, renouvelables deux fois.<\/p>\n<p>La communaut\u00e9 de paroisses se dote d&rsquo;une caisse pastorale : la mense curiale interparoissiale qui participe au financement\u00a0 de son fonctionnement et des formations. Elle est g\u00e9r\u00e9e par la tr\u00e9sori\u00e8re, Laurence Benavoli\u00a0sous la responsabilit\u00e9 du cur\u00e9, le P\u00e8re Stanislas Kupczak.<br \/>\nLes Conseils de Fabrique peuvent recevoir des dons et vous d\u00e9livrent des re\u00e7us fiscaux donnant droit \u00e0 une r\u00e9duction d&rsquo;imp\u00f4ts de 66% de la somme vers\u00e9e dans la limite de 20% du revenu imposable.<br \/>\nLes Conseils de Fabrique ne sont pas concern\u00e9s par l&rsquo;animation pastorale et spirituelle des paroisses de m\u00eame que l&rsquo;utilisation des \u00e9glises qui reste, selon le droit de l&rsquo;Eglise, soumise \u00e0 l&rsquo;autorisation du cur\u00e9, affectataire des lieux. Pour les concerts s&rsquo;adresser en premier lieu au cur\u00e9.<\/p>\n<p><strong>Conseil de Fabrique d&rsquo;Eschau<br \/>\n<\/strong>Christophe ARLEN\u00a0 Pr\u00e9sident\u00a0 T\u00e9l : 03 90 64 59 97\u00a0 Email: christophe.arlen@free.fr<br \/>\nJean-Jacques Artzt (tr\u00e9sorier), Fran\u00e7oise Huck (secr\u00e9taire), Fran\u00e7oise FROEHLY, Marie-Christine Woehrel, Marie-Andr\u00e9e WELFERINGER, Emile EPP.<\/p>\n<p><strong>Conseil de Fabrique de Fegersheim<br \/>\n<\/strong>Denis RIEFFEL\u00a0 Pr\u00e9sident Email :\u00a0 \u00a0: T\u00e9l 06 19 81 68 12<br \/>\nJean Jacques Gantzer (tr\u00e9sorier), Christine Dietenbeck (secr\u00e9taire), Yola Marini, Fr\u00e9d\u00e9ric Comte, Lucienne Reynaud.<\/p>\n<p><strong>Conseil de gestion d&rsquo;Ohnheim<\/strong> :<br \/>\nBernard GUILLEUX Pr\u00e9sident T\u00e9l 03.67 99 68 63 Email : bernard.guilleux@estvideo.fr<br \/>\nLucien Collinet (tr\u00e9sorier), Nathalie Lauriol (secr\u00e9taire). Marie-Luce Laheurte, Fran\u00e7ois Dussaulx et Yvon Hieber<\/p>\n<p><strong>Conseil de Fabrique de Plobsheim<\/strong><br \/>\nJean Paul HEISER\u00a0 Pr\u00e9sident\u00a0 t\u00e9l 03 88 98 51 03\u00a0 \u00a0heiser.jeanpaul@free.fr<br \/>\nGuillaume Bapst (tr\u00e9sorier), Dominique Barth (secr\u00e9taire), Andr\u00e9 Senger et Didier Eckert<\/p>\n<\/div>\n<\/div><\/div><\/div><\/div><\/div>","protected":false},"excerpt":{"rendered":"<p>Le Conseil de Fabrique de chacune des paroisses (Eschau, Fegersheim, Ohnheim, Plobsheim) a une fonction d&rsquo;administration, de gestion et de participation aux d\u00e9penses de la pastorale. Sont membres de droit, le cur\u00e9 et le maire de la commune. Les membres \u00e9lus le sont par les conseillers sortants et pour une dur\u00e9e de six ans, renouvelables [&hellip;]<\/p>\n","protected":false},"author":1,"featured_media":0,"parent":0,"menu_order":0,"comment_status":"closed","ping_status":"closed","template":"","meta":{"iawp_total_views":308,"footnotes":""},"class_list":["post-296","page","type-page","status-publish","hentry","post"],"_links":{"self":[{"href":"https:\/\/paroisses-de-fegersheim-eschau-ohnheim-plobsheim.fr\/index.php\/wp-json\/wp\/v2\/pages\/296","targetHints":{"allow":["GET"]}}],"collection":[{"href":"https:\/\/paroisses-de-fegersheim-eschau-ohnheim-plobsheim.fr\/index.php\/wp-json\/wp\/v2\/pages"}],"about":[{"href":"https:\/\/paroisses-de-fegersheim-eschau-ohnheim-plobsheim.fr\/index.php\/wp-json\/wp\/v2\/types\/page"}],"author":[{"embeddable":true,"href":"https:\/\/paroisses-de-fegersheim-eschau-ohnheim-plobsheim.fr\/index.php\/wp-json\/wp\/v2\/users\/1"}],"replies":[{"embeddable":true,"href":"https:\/\/paroisses-de-fegersheim-eschau-ohnheim-plobsheim.fr\/index.php\/wp-json\/wp\/v2\/comments?post=296"}],"version-history":[{"count":34,"href":"https:\/\/paroisses-de-fegersheim-eschau-ohnheim-plobsheim.fr\/index.php\/wp-json\/wp\/v2\/pages\/296\/revisions"}],"predecessor-version":[{"id":2738,"href":"https:\/\/paroisses-de-fegersheim-eschau-ohnheim-plobsheim.fr\/index.php\/wp-json\/wp\/v2\/pages\/296\/revisions\/2738"}],"wp:attachment":[{"href":"https:\/\/paroisses-de-fegersheim-eschau-ohnheim-plobsheim.fr\/index.php\/wp-json\/wp\/v2\/media?parent=296"}],"curies":[{"name":"wp","href":"https:\/\/api.w.org\/{rel}","templated":true}]}}