{"id":142,"date":"2022-05-14T22:48:38","date_gmt":"2022-05-14T20:48:38","guid":{"rendered":"https:\/\/paroisses-de-fegersheim-eschau-ohnheim-plobsheim.fr\/?page_id=142"},"modified":"2022-11-09T22:47:06","modified_gmt":"2022-11-09T21:47:06","slug":"obseques","status":"publish","type":"page","link":"https:\/\/paroisses-de-fegersheim-eschau-ohnheim-plobsheim.fr\/index.php\/obseques\/","title":{"rendered":"Obs\u00e8ques"},"content":{"rendered":"<div id=\"pl-gb142-69ec97898e812\"  class=\"panel-layout\" ><div id=\"pg-gb142-69ec97898e812-0\"  class=\"panel-grid panel-no-style\" ><div id=\"pgc-gb142-69ec97898e812-0-0\"  class=\"panel-grid-cell\" ><div id=\"panel-gb142-69ec97898e812-0-0-0\" class=\"so-panel widget widget_sow-editor panel-first-child panel-last-child\" data-index=\"0\" ><div\n\t\t\t\n\t\t\tclass=\"so-widget-sow-editor so-widget-sow-editor-base\"\n\t\t\t\n\t\t>\n<div class=\"siteorigin-widget-tinymce textwidget\">\n\t<p>Pr\u00e9venir les Pompes fun\u00e8bres qui prendront contact avec le cur\u00e9 pour convenir de la date et le lieu des obs\u00e8ques.<br \/>\nLe pr\u00eatre et l&rsquo;\u00e9quipe fun\u00e9railles vous accueilleront pour pr\u00e9parer la c\u00e9l\u00e9bration au presbyt\u00e8re le plus proche de votre domicile. Cette \u00e9quipe sera pr\u00e9sente le jour des obs\u00e8ques et viendra vous visiter apr\u00e8s si vous le souhaitez.<\/p>\n<\/div>\n<\/div><\/div><\/div><\/div><\/div>\n\n<div id=\"pl-gb142-69ec97898f0b6\"  class=\"panel-layout\" ><div id=\"pg-gb142-69ec97898f0b6-0\"  class=\"panel-grid panel-no-style\" ><div id=\"pgc-gb142-69ec97898f0b6-0-0\"  class=\"panel-grid-cell\" ><div id=\"panel-gb142-69ec97898f0b6-0-0-0\" class=\"so-panel widget widget_sow-editor panel-first-child panel-last-child\" data-index=\"0\" ><div\n\t\t\t\n\t\t\tclass=\"so-widget-sow-editor so-widget-sow-editor-base\"\n\t\t\t\n\t\t>\n<div class=\"siteorigin-widget-tinymce textwidget\">\n\t<a href=\"https:\/\/paroisses-de-fegersheim-eschau-ohnheim-plobsheim.fr\/wp-content\/uploads\/2022\/11\/funerailles-depliant-2-a4-1.pdf\" class=\"pdfemb-viewer\" style=\"\" data-width=\"max\" data-height=\"max\" data-mobile-width=\"500\"  data-scrollbar=\"vertical\" data-download=\"on\" data-tracking=\"on\" data-newwindow=\"on\" data-pagetextbox=\"off\" data-scrolltotop=\"off\" data-startzoom=\"100\" data-startfpzoom=\"100\" data-toolbar=\"both\" data-toolbar-fixed=\"on\">funerailles depliant 2 a4<br\/><\/a>\n<\/div>\n<\/div><\/div><\/div><\/div><\/div>","protected":false},"excerpt":{"rendered":"<p>Pr\u00e9venir les Pompes fun\u00e8bres qui prendront contact avec le cur\u00e9 pour convenir de la date et le lieu des obs\u00e8ques. Le pr\u00eatre et l&rsquo;\u00e9quipe fun\u00e9railles vous accueilleront pour pr\u00e9parer la c\u00e9l\u00e9bration au presbyt\u00e8re le plus proche de votre domicile. Cette \u00e9quipe sera pr\u00e9sente le jour des obs\u00e8ques et viendra vous visiter apr\u00e8s si vous le [&hellip;]<\/p>\n","protected":false},"author":1,"featured_media":0,"parent":0,"menu_order":0,"comment_status":"closed","ping_status":"closed","template":"","meta":{"iawp_total_views":167,"footnotes":""},"class_list":["post-142","page","type-page","status-publish","hentry","post"],"_links":{"self":[{"href":"https:\/\/paroisses-de-fegersheim-eschau-ohnheim-plobsheim.fr\/index.php\/wp-json\/wp\/v2\/pages\/142","targetHints":{"allow":["GET"]}}],"collection":[{"href":"https:\/\/paroisses-de-fegersheim-eschau-ohnheim-plobsheim.fr\/index.php\/wp-json\/wp\/v2\/pages"}],"about":[{"href":"https:\/\/paroisses-de-fegersheim-eschau-ohnheim-plobsheim.fr\/index.php\/wp-json\/wp\/v2\/types\/page"}],"author":[{"embeddable":true,"href":"https:\/\/paroisses-de-fegersheim-eschau-ohnheim-plobsheim.fr\/index.php\/wp-json\/wp\/v2\/users\/1"}],"replies":[{"embeddable":true,"href":"https:\/\/paroisses-de-fegersheim-eschau-ohnheim-plobsheim.fr\/index.php\/wp-json\/wp\/v2\/comments?post=142"}],"version-history":[{"count":4,"href":"https:\/\/paroisses-de-fegersheim-eschau-ohnheim-plobsheim.fr\/index.php\/wp-json\/wp\/v2\/pages\/142\/revisions"}],"predecessor-version":[{"id":1202,"href":"https:\/\/paroisses-de-fegersheim-eschau-ohnheim-plobsheim.fr\/index.php\/wp-json\/wp\/v2\/pages\/142\/revisions\/1202"}],"wp:attachment":[{"href":"https:\/\/paroisses-de-fegersheim-eschau-ohnheim-plobsheim.fr\/index.php\/wp-json\/wp\/v2\/media?parent=142"}],"curies":[{"name":"wp","href":"https:\/\/api.w.org\/{rel}","templated":true}]}}